{"id":185,"date":"2015-03-22T19:22:55","date_gmt":"2015-03-22T18:22:55","guid":{"rendered":"http:\/\/www.dach-dombrowski.de\/?page_id=185"},"modified":"2025-10-26T13:43:31","modified_gmt":"2025-10-26T12:43:31","slug":"startseite-3","status":"publish","type":"page","link":"http:\/\/www.dach-dombrowski.de\/","title":{"rendered":"Startseite"},"content":{"rendered":"<p><strong>Willkommen auf unserer&nbsp; Website<\/strong><\/p>\n<p>Als Dachdeckermeisterbetrieb sind wir seit 1993 in Quenstedt ans\u00e4ssig.<br \/>\nUnser Leistungsspektrum umfasst alle Arbeiten im Bereich Dach,<br \/>\nWand- und Abdichtungstechnik.<br \/>\nSeit 2013 sind wir auf dem neuen Firmengel\u00e4nde<br \/>\n06456 Arnstein OT Quenstedt Welbslebener Str. 3a erreichbar.<br \/>\nWir k\u00f6nnen auf ein kontinuierliches Wachstum zur\u00fcck blicken.<br \/>\nUnsere Referenzen best\u00e4tigen dieses.<a href=\"http:\/\/www.dach-dombrowski.de\/wp-content\/uploads\/2015\/03\/Unbenannt-1.jpg\" target=\"_blank\" rel=\"noopener noreferrer\"><img loading=\"lazy\" decoding=\"async\" class=\"wp-image-182 alignright\" src=\"http:\/\/www.dach-dombrowski.de\/wp-content\/uploads\/2015\/03\/Unbenannt-1-300x192.jpg\" alt=\"Unbenannt-1\" width=\"339\" height=\"217\" srcset=\"http:\/\/www.dach-dombrowski.de\/wp-content\/uploads\/2015\/03\/Unbenannt-1-300x192.jpg 300w, http:\/\/www.dach-dombrowski.de\/wp-content\/uploads\/2015\/03\/Unbenannt-1-1024x657.jpg 1024w, http:\/\/www.dach-dombrowski.de\/wp-content\/uploads\/2015\/03\/Unbenannt-1-624x400.jpg 624w, http:\/\/www.dach-dombrowski.de\/wp-content\/uploads\/2015\/03\/Unbenannt-1.jpg 2024w\" sizes=\"auto, (max-width: 339px) 100vw, 339px\" \/><\/a><\/p>\n<p>Ob Pfarramt oder Kindergarten,&nbsp;<br \/>\nkeiner braucht lange auf uns zu warten.<br \/>\nSie k\u00f6nnen sich viele unserer Arbeiten<br \/>\nauf unserer Seite \u2013Referenzen- ansehen,<\/p>\n<p><strong><em>denn, wir lassen Sie nicht im Regen stehen.<\/em><\/strong><\/p>\n<p><a href=\"http:\/\/www.dach-dombrowski.de\/wp-content\/uploads\/2022\/12\/Scannen0001.png\"><img loading=\"lazy\" decoding=\"async\" class=\"alignnone wp-image-558 size-medium\" src=\"http:\/\/www.dach-dombrowski.de\/wp-content\/uploads\/2022\/12\/Scannen0001-213x300.png\" alt=\"\" width=\"213\" height=\"300\" srcset=\"http:\/\/www.dach-dombrowski.de\/wp-content\/uploads\/2022\/12\/Scannen0001-213x300.png 213w, http:\/\/www.dach-dombrowski.de\/wp-content\/uploads\/2022\/12\/Scannen0001-728x1024.png 728w, http:\/\/www.dach-dombrowski.de\/wp-content\/uploads\/2022\/12\/Scannen0001-768x1081.png 768w, http:\/\/www.dach-dombrowski.de\/wp-content\/uploads\/2022\/12\/Scannen0001-1091x1536.png 1091w, http:\/\/www.dach-dombrowski.de\/wp-content\/uploads\/2022\/12\/Scannen0001-1455x2048.png 1455w, http:\/\/www.dach-dombrowski.de\/wp-content\/uploads\/2022\/12\/Scannen0001-624x878.png 624w\" sizes=\"auto, (max-width: 213px) 100vw, 213px\" \/><\/a><\/p>\n<p>&nbsp;<\/p>\n<p>&#8212;&#8212;&#8212;&#8212;&#8212;&#8212;&#8212;&#8212;&#8212;&#8212;&#8212;&#8212;&#8212;&#8212;&#8212;&#8212;&#8212;&#8212;&#8212;&#8212;&#8212;&#8212;&#8212;&#8212;&#8212;&#8212;&#8212;&#8212;&#8212;&#8212;&#8212;&#8212;&#8212;&#8212;&#8212;&#8212;&#8212;&#8212;&#8212;&#8212;&#8212;&#8212;&#8212;&#8212;-<\/p>\n<h2>Referenzobjekte in:<\/h2>\n<h4>Ascherleben&nbsp;<\/h4>\n<div id=\"metaslider-id-617\" style=\"width: 100%;\" class=\"ml-slider-3-107-0 metaslider metaslider-flex metaslider-617 ml-slider has-dots-nav ms-theme-default-base\" role=\"region\" aria-label=\"Ascherleben\" data-height=\"300\" data-width=\"700\">\n    <div id=\"metaslider_container_617\">\n        <div id=\"metaslider_617\">\n            <ul aria-live='off' class='slides'>\n                <li style=\"display: block; width: 100%;\" class=\"slide-618 ms-image \" aria-roledescription=\"slide\" data-date=\"2025-10-26 13:39:17\" data-filename=\"WhatsApp-Bild-2025-10-25-um-17.57.10_62b01ad4-700x300.jpg\" data-slide-type=\"image\"><img loading=\"lazy\" decoding=\"async\" src=\"http:\/\/www.dach-dombrowski.de\/wp-content\/uploads\/2025\/10\/WhatsApp-Bild-2025-10-25-um-17.57.10_62b01ad4-700x300.jpg\" height=\"300\" width=\"700\" alt=\"\" class=\"slider-617 slide-618 msDefaultImage\" title=\"WhatsApp Bild 2025-10-25 um 17.57.10_62b01ad4\" \/><\/li>\n                <li style=\"display: none; width: 100%;\" class=\"slide-619 ms-image \" aria-roledescription=\"slide\" data-date=\"2025-10-26 13:39:17\" data-filename=\"WhatsApp-Bild-2025-10-25-um-17.57.14_cb5f0edb-700x300.jpg\" data-slide-type=\"image\"><img loading=\"lazy\" decoding=\"async\" src=\"http:\/\/www.dach-dombrowski.de\/wp-content\/uploads\/2025\/10\/WhatsApp-Bild-2025-10-25-um-17.57.14_cb5f0edb-700x300.jpg\" height=\"300\" width=\"700\" alt=\"\" class=\"slider-617 slide-619 msDefaultImage\" title=\"WhatsApp Bild 2025-10-25 um 17.57.14_cb5f0edb\" \/><\/li>\n                <li style=\"display: none; width: 100%;\" class=\"slide-620 ms-image \" aria-roledescription=\"slide\" data-date=\"2025-10-26 13:39:17\" data-filename=\"WhatsApp-Bild-2025-10-25-um-17.56.55_78722c9c-700x300.jpg\" data-slide-type=\"image\"><img loading=\"lazy\" decoding=\"async\" src=\"http:\/\/www.dach-dombrowski.de\/wp-content\/uploads\/2025\/10\/WhatsApp-Bild-2025-10-25-um-17.56.55_78722c9c-700x300.jpg\" height=\"300\" width=\"700\" alt=\"\" class=\"slider-617 slide-620 msDefaultImage\" title=\"WhatsApp Bild 2025-10-25 um 17.56.55_78722c9c\" \/><\/li>\n                <li style=\"display: none; width: 100%;\" class=\"slide-621 ms-image \" aria-roledescription=\"slide\" data-date=\"2025-10-26 13:39:17\" data-filename=\"WhatsApp-Bild-2025-10-25-um-17.57.34_5cbb2328-700x300.jpg\" data-slide-type=\"image\"><img loading=\"lazy\" decoding=\"async\" src=\"http:\/\/www.dach-dombrowski.de\/wp-content\/uploads\/2025\/10\/WhatsApp-Bild-2025-10-25-um-17.57.34_5cbb2328-700x300.jpg\" height=\"300\" width=\"700\" alt=\"\" class=\"slider-617 slide-621 msDefaultImage\" title=\"WhatsApp Bild 2025-10-25 um 17.57.34_5cbb2328\" \/><\/li>\n            <\/ul>\n        <\/div>\n        \n    <\/div>\n<\/div>\n<h4>Quedlinburg &#8211; Altstadt<\/h4>\n<div id=\"metaslider-id-601\" style=\"width: 100%;\" class=\"ml-slider-3-107-0 metaslider metaslider-flex metaslider-601 ml-slider has-dots-nav ms-theme-default-base\" role=\"region\" aria-label=\"Quedlinburg - Altstadt\" data-height=\"300\" data-width=\"700\">\n    <div id=\"metaslider_container_601\">\n        <div id=\"metaslider_601\">\n            <ul aria-live='off' class='slides'>\n                <li style=\"display: block; width: 100%;\" class=\"slide-602 ms-image \" aria-roledescription=\"slide\" data-date=\"2025-10-26 13:16:05\" data-filename=\"WhatsApp-Bild-2025-10-25-um-18.59.09_193231a4-700x300.jpg\" data-slide-type=\"image\"><img loading=\"lazy\" decoding=\"async\" src=\"http:\/\/www.dach-dombrowski.de\/wp-content\/uploads\/2025\/10\/WhatsApp-Bild-2025-10-25-um-18.59.09_193231a4-700x300.jpg\" height=\"300\" width=\"700\" alt=\"\" class=\"slider-601 slide-602 msDefaultImage\" title=\"WhatsApp Bild 2025-10-25 um 18.59.09_193231a4\" \/><\/li>\n                <li style=\"display: none; width: 100%;\" class=\"slide-603 ms-image \" aria-roledescription=\"slide\" data-date=\"2025-10-26 13:16:05\" data-filename=\"WhatsApp-Bild-2025-10-25-um-17.57.33_0b0ac1c0-700x300.jpg\" data-slide-type=\"image\"><img loading=\"lazy\" decoding=\"async\" src=\"http:\/\/www.dach-dombrowski.de\/wp-content\/uploads\/2025\/10\/WhatsApp-Bild-2025-10-25-um-17.57.33_0b0ac1c0-700x300.jpg\" height=\"300\" width=\"700\" alt=\"\" class=\"slider-601 slide-603 msDefaultImage\" title=\"WhatsApp Bild 2025-10-25 um 17.57.33_0b0ac1c0\" \/><\/li>\n                <li style=\"display: none; width: 100%;\" class=\"slide-604 ms-image \" aria-roledescription=\"slide\" data-date=\"2025-10-26 13:16:05\" data-filename=\"WhatsApp-Bild-2025-10-25-um-17.56.53_5e9f61e5-700x300.jpg\" data-slide-type=\"image\"><img loading=\"lazy\" decoding=\"async\" src=\"http:\/\/www.dach-dombrowski.de\/wp-content\/uploads\/2025\/10\/WhatsApp-Bild-2025-10-25-um-17.56.53_5e9f61e5-700x300.jpg\" height=\"300\" width=\"700\" alt=\"\" class=\"slider-601 slide-604 msDefaultImage\" title=\"WhatsApp Bild 2025-10-25 um 17.56.53_5e9f61e5\" \/><\/li>\n            <\/ul>\n        <\/div>\n        \n    <\/div>\n<\/div>\n<h4>Halle (Saale)<\/h4>\n<div id=\"metaslider-id-610\" style=\"width: 100%;\" class=\"ml-slider-3-107-0 metaslider metaslider-flex metaslider-610 ml-slider has-dots-nav ms-theme-default-base\" role=\"region\" aria-label=\"Halle (Saale)\" data-height=\"300\" data-width=\"700\">\n    <div id=\"metaslider_container_610\">\n        <div id=\"metaslider_610\">\n            <ul aria-live='off' class='slides'>\n                <li style=\"display: block; width: 100%;\" class=\"slide-611 ms-image \" aria-roledescription=\"slide\" data-date=\"2025-10-26 13:33:54\" data-filename=\"WhatsApp-Bild-2025-10-25-um-18.58.39_f7c70c24-700x300.jpg\" data-slide-type=\"image\"><img loading=\"lazy\" decoding=\"async\" src=\"http:\/\/www.dach-dombrowski.de\/wp-content\/uploads\/2025\/10\/WhatsApp-Bild-2025-10-25-um-18.58.39_f7c70c24-700x300.jpg\" height=\"300\" width=\"700\" alt=\"\" class=\"slider-610 slide-611 msDefaultImage\" title=\"WhatsApp Bild 2025-10-25 um 18.58.39_f7c70c24\" \/><\/li>\n                <li style=\"display: none; width: 100%;\" class=\"slide-612 ms-image \" aria-roledescription=\"slide\" data-date=\"2025-10-26 13:33:54\" data-filename=\"WhatsApp-Bild-2025-10-25-um-18.56.33_ce2e02e4-700x300.jpg\" data-slide-type=\"image\"><img loading=\"lazy\" decoding=\"async\" src=\"http:\/\/www.dach-dombrowski.de\/wp-content\/uploads\/2025\/10\/WhatsApp-Bild-2025-10-25-um-18.56.33_ce2e02e4-700x300.jpg\" height=\"300\" width=\"700\" alt=\"\" class=\"slider-610 slide-612 msDefaultImage\" title=\"WhatsApp Bild 2025-10-25 um 18.56.33_ce2e02e4\" \/><\/li>\n                <li style=\"display: none; width: 100%;\" class=\"slide-613 ms-image \" aria-roledescription=\"slide\" data-date=\"2025-10-26 13:33:54\" data-filename=\"WhatsApp-Bild-2025-10-25-um-17.57.30_0ba94e01-700x300.jpg\" data-slide-type=\"image\"><img loading=\"lazy\" decoding=\"async\" src=\"http:\/\/www.dach-dombrowski.de\/wp-content\/uploads\/2025\/10\/WhatsApp-Bild-2025-10-25-um-17.57.30_0ba94e01-700x300.jpg\" height=\"300\" width=\"700\" alt=\"\" class=\"slider-610 slide-613 msDefaultImage\" title=\"WhatsApp Bild 2025-10-25 um 17.57.30_0ba94e01\" \/><\/li>\n                <li style=\"display: none; width: 100%;\" class=\"slide-614 ms-image \" aria-roledescription=\"slide\" data-date=\"2025-10-26 13:33:54\" data-filename=\"WhatsApp-Bild-2025-10-25-um-17.57.21_46ddbe23-700x300.jpg\" data-slide-type=\"image\"><img loading=\"lazy\" decoding=\"async\" src=\"http:\/\/www.dach-dombrowski.de\/wp-content\/uploads\/2025\/10\/WhatsApp-Bild-2025-10-25-um-17.57.21_46ddbe23-700x300.jpg\" height=\"300\" width=\"700\" alt=\"\" class=\"slider-610 slide-614 msDefaultImage\" title=\"WhatsApp Bild 2025-10-25 um 17.57.21_46ddbe23\" \/><\/li>\n                <li style=\"display: none; width: 100%;\" class=\"slide-615 ms-image \" aria-roledescription=\"slide\" data-date=\"2025-10-26 13:33:54\" data-filename=\"WhatsApp-Bild-2025-10-25-um-17.56.52_a1ffd298-700x300.jpg\" data-slide-type=\"image\"><img loading=\"lazy\" decoding=\"async\" src=\"http:\/\/www.dach-dombrowski.de\/wp-content\/uploads\/2025\/10\/WhatsApp-Bild-2025-10-25-um-17.56.52_a1ffd298-700x300.jpg\" height=\"300\" width=\"700\" alt=\"\" class=\"slider-610 slide-615 msDefaultImage\" title=\"WhatsApp Bild 2025-10-25 um 17.56.52_a1ffd298\" \/><\/li>\n            <\/ul>\n        <\/div>\n        \n    <\/div>\n<\/div>\n","protected":false},"excerpt":{"rendered":"<p>Willkommen auf unserer&nbsp; Website Als Dachdeckermeisterbetrieb sind wir seit 1993 in Quenstedt ans\u00e4ssig. Unser Leistungsspektrum umfasst alle Arbeiten im Bereich Dach, Wand- und Abdichtungstechnik. Seit 2013 sind wir auf dem neuen Firmengel\u00e4nde 06456 Arnstein OT Quenstedt Welbslebener Str. 3a erreichbar. Wir k\u00f6nnen auf ein kontinuierliches Wachstum zur\u00fcck blicken. Unsere Referenzen best\u00e4tigen dieses. Ob Pfarramt oder [&hellip;]<\/p>\n","protected":false},"author":3,"featured_media":0,"parent":0,"menu_order":0,"comment_status":"closed","ping_status":"closed","template":"","meta":{"ngg_post_thumbnail":0,"footnotes":""},"class_list":["post-185","page","type-page","status-publish","hentry"],"yoast_head":"<!-- This site is optimized with the Yoast SEO plugin v24.3 - https:\/\/yoast.com\/wordpress\/plugins\/seo\/ -->\n<title>Startseite -Dachdecker - Fassaden - Dachklempnerei - Fassadenverkleidung-<\/title>\n<meta name=\"robots\" content=\"index, follow, max-snippet:-1, max-image-preview:large, max-video-preview:-1\" \/>\n<link rel=\"canonical\" href=\"http:\/\/www.dach-dombrowski.de\/\" \/>\n<meta property=\"og:locale\" content=\"de_DE\" \/>\n<meta property=\"og:type\" content=\"article\" \/>\n<meta property=\"og:title\" content=\"Startseite -Dachdecker - Fassaden - Dachklempnerei - Fassadenverkleidung-\" \/>\n<meta property=\"og:description\" content=\"Willkommen auf unserer&nbsp; Website Als Dachdeckermeisterbetrieb sind wir seit 1993 in Quenstedt ans\u00e4ssig. Unser Leistungsspektrum umfasst alle Arbeiten im Bereich Dach, Wand- und Abdichtungstechnik. Seit 2013 sind wir auf dem neuen Firmengel\u00e4nde 06456 Arnstein OT Quenstedt Welbslebener Str. 3a erreichbar. Wir k\u00f6nnen auf ein kontinuierliches Wachstum zur\u00fcck blicken. Unsere Referenzen best\u00e4tigen dieses. Ob Pfarramt oder [&hellip;]\" \/>\n<meta property=\"og:url\" content=\"http:\/\/www.dach-dombrowski.de\/\" \/>\n<meta property=\"og:site_name\" content=\"----Dachdecker - Fassaden - Dachklempnerei - Fassadenverkleidung----\" \/>\n<meta property=\"article:modified_time\" content=\"2025-10-26T12:43:31+00:00\" \/>\n<meta property=\"og:image\" content=\"http:\/\/www.dach-dombrowski.de\/wp-content\/uploads\/2015\/03\/Unbenannt-1-300x192.jpg\" \/>\n<meta name=\"twitter:label1\" content=\"Gesch\u00e4tzte Lesezeit\" \/>\n\t<meta name=\"twitter:data1\" content=\"1\u00a0Minute\" \/>\n<script type=\"application\/ld+json\" class=\"yoast-schema-graph\">{\"@context\":\"https:\/\/schema.org\",\"@graph\":[{\"@type\":\"WebPage\",\"@id\":\"http:\/\/www.dach-dombrowski.de\/\",\"url\":\"http:\/\/www.dach-dombrowski.de\/\",\"name\":\"Startseite -Dachdecker - Fassaden - Dachklempnerei - Fassadenverkleidung-\",\"isPartOf\":{\"@id\":\"http:\/\/www.dach-dombrowski.de\/#website\"},\"primaryImageOfPage\":{\"@id\":\"http:\/\/www.dach-dombrowski.de\/#primaryimage\"},\"image\":{\"@id\":\"http:\/\/www.dach-dombrowski.de\/#primaryimage\"},\"thumbnailUrl\":\"http:\/\/www.dach-dombrowski.de\/wp-content\/uploads\/2015\/03\/Unbenannt-1-300x192.jpg\",\"datePublished\":\"2015-03-22T18:22:55+00:00\",\"dateModified\":\"2025-10-26T12:43:31+00:00\",\"breadcrumb\":{\"@id\":\"http:\/\/www.dach-dombrowski.de\/#breadcrumb\"},\"inLanguage\":\"de\",\"potentialAction\":[{\"@type\":\"ReadAction\",\"target\":[\"http:\/\/www.dach-dombrowski.de\/\"]}]},{\"@type\":\"ImageObject\",\"inLanguage\":\"de\",\"@id\":\"http:\/\/www.dach-dombrowski.de\/#primaryimage\",\"url\":\"http:\/\/www.dach-dombrowski.de\/wp-content\/uploads\/2015\/03\/Unbenannt-1.jpg\",\"contentUrl\":\"http:\/\/www.dach-dombrowski.de\/wp-content\/uploads\/2015\/03\/Unbenannt-1.jpg\",\"width\":2024,\"height\":1298},{\"@type\":\"BreadcrumbList\",\"@id\":\"http:\/\/www.dach-dombrowski.de\/#breadcrumb\",\"itemListElement\":[{\"@type\":\"ListItem\",\"position\":1,\"name\":\"Startseite\",\"item\":\"http:\/\/www.dach-dombrowski.de\/\"},{\"@type\":\"ListItem\",\"position\":2,\"name\":\"Startseite\"}]},{\"@type\":\"WebSite\",\"@id\":\"http:\/\/www.dach-dombrowski.de\/#website\",\"url\":\"http:\/\/www.dach-dombrowski.de\/\",\"name\":\"----Dachdecker - Fassaden - Dachklempnerei - Fassadenverkleidung----\",\"description\":\".....Dombrowski - Thomas - Untersta\u00dfe 9a - OT Quenstedt - Stadt - Arnstein - Dombrowski - Thomas - Untersta\u00dfe 9a - OT Quenstedt - Stadt - Arnstein.....\",\"potentialAction\":[{\"@type\":\"SearchAction\",\"target\":{\"@type\":\"EntryPoint\",\"urlTemplate\":\"http:\/\/www.dach-dombrowski.de\/?s={search_term_string}\"},\"query-input\":{\"@type\":\"PropertyValueSpecification\",\"valueRequired\":true,\"valueName\":\"search_term_string\"}}],\"inLanguage\":\"de\"}]}<\/script>\n<!-- \/ Yoast SEO plugin. -->","yoast_head_json":{"title":"Startseite -Dachdecker - Fassaden - Dachklempnerei - Fassadenverkleidung-","robots":{"index":"index","follow":"follow","max-snippet":"max-snippet:-1","max-image-preview":"max-image-preview:large","max-video-preview":"max-video-preview:-1"},"canonical":"http:\/\/www.dach-dombrowski.de\/","og_locale":"de_DE","og_type":"article","og_title":"Startseite -Dachdecker - Fassaden - Dachklempnerei - Fassadenverkleidung-","og_description":"Willkommen auf unserer&nbsp; Website Als Dachdeckermeisterbetrieb sind wir seit 1993 in Quenstedt ans\u00e4ssig. Unser Leistungsspektrum umfasst alle Arbeiten im Bereich Dach, Wand- und Abdichtungstechnik. Seit 2013 sind wir auf dem neuen Firmengel\u00e4nde 06456 Arnstein OT Quenstedt Welbslebener Str. 3a erreichbar. Wir k\u00f6nnen auf ein kontinuierliches Wachstum zur\u00fcck blicken. Unsere Referenzen best\u00e4tigen dieses. Ob Pfarramt oder [&hellip;]","og_url":"http:\/\/www.dach-dombrowski.de\/","og_site_name":"----Dachdecker - Fassaden - Dachklempnerei - Fassadenverkleidung----","article_modified_time":"2025-10-26T12:43:31+00:00","og_image":[{"url":"http:\/\/www.dach-dombrowski.de\/wp-content\/uploads\/2015\/03\/Unbenannt-1-300x192.jpg","type":"","width":"","height":""}],"twitter_misc":{"Gesch\u00e4tzte Lesezeit":"1\u00a0Minute"},"schema":{"@context":"https:\/\/schema.org","@graph":[{"@type":"WebPage","@id":"http:\/\/www.dach-dombrowski.de\/","url":"http:\/\/www.dach-dombrowski.de\/","name":"Startseite -Dachdecker - Fassaden - Dachklempnerei - Fassadenverkleidung-","isPartOf":{"@id":"http:\/\/www.dach-dombrowski.de\/#website"},"primaryImageOfPage":{"@id":"http:\/\/www.dach-dombrowski.de\/#primaryimage"},"image":{"@id":"http:\/\/www.dach-dombrowski.de\/#primaryimage"},"thumbnailUrl":"http:\/\/www.dach-dombrowski.de\/wp-content\/uploads\/2015\/03\/Unbenannt-1-300x192.jpg","datePublished":"2015-03-22T18:22:55+00:00","dateModified":"2025-10-26T12:43:31+00:00","breadcrumb":{"@id":"http:\/\/www.dach-dombrowski.de\/#breadcrumb"},"inLanguage":"de","potentialAction":[{"@type":"ReadAction","target":["http:\/\/www.dach-dombrowski.de\/"]}]},{"@type":"ImageObject","inLanguage":"de","@id":"http:\/\/www.dach-dombrowski.de\/#primaryimage","url":"http:\/\/www.dach-dombrowski.de\/wp-content\/uploads\/2015\/03\/Unbenannt-1.jpg","contentUrl":"http:\/\/www.dach-dombrowski.de\/wp-content\/uploads\/2015\/03\/Unbenannt-1.jpg","width":2024,"height":1298},{"@type":"BreadcrumbList","@id":"http:\/\/www.dach-dombrowski.de\/#breadcrumb","itemListElement":[{"@type":"ListItem","position":1,"name":"Startseite","item":"http:\/\/www.dach-dombrowski.de\/"},{"@type":"ListItem","position":2,"name":"Startseite"}]},{"@type":"WebSite","@id":"http:\/\/www.dach-dombrowski.de\/#website","url":"http:\/\/www.dach-dombrowski.de\/","name":"----Dachdecker - Fassaden - Dachklempnerei - Fassadenverkleidung----","description":".....Dombrowski - Thomas - Untersta\u00dfe 9a - OT Quenstedt - Stadt - Arnstein - Dombrowski - Thomas - Untersta\u00dfe 9a - OT Quenstedt - Stadt - Arnstein.....","potentialAction":[{"@type":"SearchAction","target":{"@type":"EntryPoint","urlTemplate":"http:\/\/www.dach-dombrowski.de\/?s={search_term_string}"},"query-input":{"@type":"PropertyValueSpecification","valueRequired":true,"valueName":"search_term_string"}}],"inLanguage":"de"}]}},"_links":{"self":[{"href":"http:\/\/www.dach-dombrowski.de\/index.php?rest_route=\/wp\/v2\/pages\/185","targetHints":{"allow":["GET"]}}],"collection":[{"href":"http:\/\/www.dach-dombrowski.de\/index.php?rest_route=\/wp\/v2\/pages"}],"about":[{"href":"http:\/\/www.dach-dombrowski.de\/index.php?rest_route=\/wp\/v2\/types\/page"}],"author":[{"embeddable":true,"href":"http:\/\/www.dach-dombrowski.de\/index.php?rest_route=\/wp\/v2\/users\/3"}],"replies":[{"embeddable":true,"href":"http:\/\/www.dach-dombrowski.de\/index.php?rest_route=%2Fwp%2Fv2%2Fcomments&post=185"}],"version-history":[{"count":45,"href":"http:\/\/www.dach-dombrowski.de\/index.php?rest_route=\/wp\/v2\/pages\/185\/revisions"}],"predecessor-version":[{"id":624,"href":"http:\/\/www.dach-dombrowski.de\/index.php?rest_route=\/wp\/v2\/pages\/185\/revisions\/624"}],"wp:attachment":[{"href":"http:\/\/www.dach-dombrowski.de\/index.php?rest_route=%2Fwp%2Fv2%2Fmedia&parent=185"}],"curies":[{"name":"wp","href":"https:\/\/api.w.org\/{rel}","templated":true}]}}